{"id":2,"date":"2026-01-01T10:26:40","date_gmt":"2026-01-01T03:26:40","guid":{"rendered":"https:\/\/www.demo.vietnamweb.asia\/?page_id=2"},"modified":"2026-01-01T22:25:22","modified_gmt":"2026-01-01T15:25:22","slug":"trang-chu","status":"publish","type":"page","link":"https:\/\/2899i.net\/","title":{"rendered":"2899i com &#8211; \u0110\u1eb7c Quy\u1ec1n T\u00e2n Th\u1ee7 N\u1ea1p \u0110\u1ea7u T\u1eb7ng Th\u01b0\u1edfng \u0110\u1ebfn 88.888k"},"content":{"rendered":"<h2><span style=\"font-size: 110%; color: #f99b1c;\"><strong>TRANG CH\u1ee6 \u0110\u0102NG NH\u1eacP NH\u00c0 C\u00c1I 28BET<\/strong><\/span><\/h2>\n<p>Link trang t\u1ed5ng v\u00e0o 2899i com ch\u00ednh th\u1ee9c c\u1eadp nh\u1eadt ng\u00e0y h\u00f4m nay m\u1edbi nh\u1ea5t:<\/p>\n<div class=\"row row-small\"  id=\"row-766940662\">\n\n\t<div id=\"col-1636852449\" class=\"col medium-4 small-12 large-4\"  >\n\t\t\t\t<div class=\"col-inner\"  >\n\t\t\t\n\t\t\t\n\t<div class=\"img has-hover x md-x lg-x y md-y lg-y\" id=\"image_93020007\">\n\t\t<a class=\"\" href=\"https:\/\/linkquangcao.com\/kfqi\" >\t\t\t\t\t\t<div class=\"img-inner dark\" >\n\t\t\t<img loading=\"lazy\" decoding=\"async\" width=\"400\" height=\"188\" src=\"https:\/\/2899i.net\/wp-content\/uploads\/2025\/03\/dang-ky.webp\" class=\"attachment-original size-original\" alt=\"\u0110\u0103ng k\u00fd nh\u00e0 c\u00e1i\" srcset=\"https:\/\/2899i.net\/wp-content\/uploads\/2025\/03\/dang-ky.webp 400w, https:\/\/2899i.net\/wp-content\/uploads\/2025\/03\/dang-ky-300x141.webp 300w\" sizes=\"auto, (max-width: 400px) 100vw, 400px\" \/>\t\t\t\t\t\t\n\t\t\t\t\t<\/div>\n\t\t\t\t\t\t<\/a>\t\t\n<style>\n#image_93020007 {\n  width: 100%;\n}\n<\/style>\n\t<\/div>\n\t\n\t\t<\/div>\n\t\t\t\t\t<\/div>\n\n\t\n\n\t<div id=\"col-607833456\" class=\"col medium-4 small-12 large-4\"  >\n\t\t\t\t<div class=\"col-inner\"  >\n\t\t\t\n\t\t\t\n\t<div class=\"img has-hover x md-x lg-x y md-y lg-y\" id=\"image_1006097530\">\n\t\t<a class=\"\" href=\"https:\/\/linkquangcao.com\/kfqi\" >\t\t\t\t\t\t<div class=\"img-inner dark\" >\n\t\t\t<img loading=\"lazy\" decoding=\"async\" width=\"400\" height=\"188\" src=\"https:\/\/2899i.net\/wp-content\/uploads\/2025\/03\/dang-nhap.webp\" class=\"attachment-original size-original\" alt=\"\u0110\u0103ng nh\u1eadp t\u1ea3i app\" srcset=\"https:\/\/2899i.net\/wp-content\/uploads\/2025\/03\/dang-nhap.webp 400w, https:\/\/2899i.net\/wp-content\/uploads\/2025\/03\/dang-nhap-300x141.webp 300w\" sizes=\"auto, (max-width: 400px) 100vw, 400px\" \/>\t\t\t\t\t\t\n\t\t\t\t\t<\/div>\n\t\t\t\t\t\t<\/a>\t\t\n<style>\n#image_1006097530 {\n  width: 100%;\n}\n<\/style>\n\t<\/div>\n\t\n\t\t<\/div>\n\t\t\t\t\t<\/div>\n\n\t\n\n\t<div id=\"col-1941646835\" class=\"col medium-4 small-12 large-4\"  >\n\t\t\t\t<div class=\"col-inner\"  >\n\t\t\t\n\t\t\t\n\t<div class=\"img has-hover x md-x lg-x y md-y lg-y\" id=\"image_1455391232\">\n\t\t<a class=\"\" href=\"https:\/\/linkquangcao.com\/kfqi\" >\t\t\t\t\t\t<div class=\"img-inner dark\" >\n\t\t\t<img loading=\"lazy\" decoding=\"async\" width=\"400\" height=\"188\" src=\"https:\/\/2899i.net\/wp-content\/uploads\/2025\/03\/khuyen-mai.webp\" class=\"attachment-original size-original\" alt=\"Khuy\u1ebfn m\u00e3i th\u00e0nh vi\u00ean\" srcset=\"https:\/\/2899i.net\/wp-content\/uploads\/2025\/03\/khuyen-mai.webp 400w, https:\/\/2899i.net\/wp-content\/uploads\/2025\/03\/khuyen-mai-300x141.webp 300w\" sizes=\"auto, (max-width: 400px) 100vw, 400px\" \/>\t\t\t\t\t\t\n\t\t\t\t\t<\/div>\n\t\t\t\t\t\t<\/a>\t\t\n<style>\n#image_1455391232 {\n  width: 100%;\n}\n<\/style>\n\t<\/div>\n\t\n\t\t<\/div>\n\t\t\t\t\t<\/div>\n\n\t\n<\/div>\n\t<div id=\"gap-1954690609\" class=\"gap-element clearfix\" style=\"display:block; height:auto;\">\n\t\t\n<style>\n#gap-1954690609 {\n  padding-top: 16px;\n}\n<\/style>\n\t<\/div>\n\t\n\t<div id=\"gap-48121670\" class=\"gap-element clearfix\" style=\"display:block; height:auto;\">\n\t\t\n<style>\n#gap-48121670 {\n  padding-top: 15px;\n}\n<\/style>\n\t<\/div>\n\t\n<p><em><strong>Disclaimer (Tuy\u00ean b\u1ed1 mi\u1ec5n tr\u1eeb):<\/strong><\/em> 2899i.net ch\u1ec9 cung c\u1ea5p th\u00f4ng tin mang t\u00ednh t\u1ed5ng h\u1ee3p v\u00e0 tham kh\u1ea3o d\u00e0nh cho ng\u01b0\u1eddi t\u1eeb \u0111\u1ee7 18 tu\u1ed5i tr\u1edf l\u00ean, kh\u00f4ng c\u01b0 tr\u00fa t\u1ea1i Vi\u1ec7t Nam v\u00e0 kh\u00f4ng nh\u1eb1m m\u1ee5c \u0111\u00edch khuy\u1ebfn kh\u00edch hay tham gia ho\u1ea1t \u0111\u1ed9ng c\u00e1 c\u01b0\u1ee3c. Ng\u01b0\u1eddi d\u00f9ng t\u1ef1 c\u00e2n nh\u1eafc v\u00e0 ho\u00e0n to\u00e0n ch\u1ecbu tr\u00e1ch nhi\u1ec7m \u0111\u1ed1i v\u1edbi h\u00e0nh vi c\u1ee7a m\u00ecnh. 2899i bet kh\u00f4ng ch\u1ecbu tr\u00e1ch nhi\u1ec7m cho b\u1ea5t k\u1ef3 thi\u1ec7t h\u1ea1i n\u00e0o ph\u00e1t sinh khi ng\u01b0\u1eddi d\u00f9ng truy c\u1eadp c\u00e1c li\u00ean k\u1ebft b\u00ean th\u1ee9 ba.<\/p>\n<h2 class=\"tieu-de uppercase\"><span style=\"color: #3366ff;\"><strong>FAQ &#8211; Tr\u1ea3 l\u1eddi nh\u1eefng th\u1eafc m\u1eafc khi ch\u01a1i 28bet<\/strong><\/span><\/h2>\n<div class=\"accordion\"><\/div>\n\t<div id=\"accordion-3554956313\" class=\"accordion-item\">\n\t\t<a id=\"accordion-3554956313-label\" class=\"accordion-title plain\" href=\"#accordion-item-truy-c\u1eadp-2899-i.com-tr\u00ean-trang-ch\u00ednh-th\u1ee9c-n\u00e0o?\" aria-expanded=\"false\" aria-controls=\"accordion-3554956313-content\" >\n\t\t\t<button class=\"toggle\" aria-label=\"Chuy\u1ec3n \u0111\u1ed5i\"><i class=\"icon-angle-down\"><\/i><\/button>\n\t\t\t<span>Truy c\u1eadp 2899 i.com tr\u00ean trang ch\u00ednh th\u1ee9c n\u00e0o?<\/span>\n\t\t<\/a>\n\t\t<div id=\"accordion-3554956313-content\" class=\"accordion-inner\" aria-labelledby=\"accordion-3554956313-label\" >\n\t\t\t\n<p><span style=\"color: #3366ff;\">5 trang truy c\u1eadp ch\u00ednh th\u1ee9c:<\/span><\/p>\n<ul>\n<li><span style=\"color: #3366ff;\">2899i.com<\/span><\/li>\n<li><span style=\"color: #3366ff;\"> 2899 i.casino<\/span><\/li>\n<li><span style=\"color: #3366ff;\">28 99i.game<\/span><\/li>\n<li><span style=\"color: #3366ff;\">2899i . app<\/span><\/li>\n<li><span style=\"color: #3366ff;\">2899 i.bet<\/span><\/li>\n<\/ul>\n<p>#trangchu28bet #dangnhap28bet #dangky28bet #taiapp28bet #app28bet #28betbet #28betcasino<\/p>\n<p>#trangchu2899i #dangnhap2899i #dangky2899i #taiapp2899i #app2899i #2899ibet #2899icasino<\/p>\n\t\t<\/div>\n\t<\/div>\n\t\n\t<div id=\"accordion-1291423440\" class=\"accordion-item\">\n\t\t<a id=\"accordion-1291423440-label\" class=\"accordion-title plain\" href=\"#accordion-item-\u0110\u0103ng-k\u00fd-h\u1ed9i-vi\u00ean-t\u1ea1i-2899i.bet-b\u1eb1ng-c\u00e1ch-n\u00e0o?\" aria-expanded=\"false\" aria-controls=\"accordion-1291423440-content\" >\n\t\t\t<button class=\"toggle\" aria-label=\"Chuy\u1ec3n \u0111\u1ed5i\"><i class=\"icon-angle-down\"><\/i><\/button>\n\t\t\t<span>\u0110\u0103ng k\u00fd h\u1ed9i vi\u00ean t\u1ea1i 2899i.bet b\u1eb1ng c\u00e1ch n\u00e0o?<\/span>\n\t\t<\/a>\n\t\t<div id=\"accordion-1291423440-content\" class=\"accordion-inner\" aria-labelledby=\"accordion-1291423440-label\" >\n\t\t\t\n<p><span style=\"color: #3366ff;\">Ng\u01b0\u1eddi ch\u01a1i truy c\u1eadp trang ch\u1ee7 ch\u00ednh th\u1ee9c 28 99i.com sau \u0111\u00f3 nh\u1ea5p v\u00e0o m\u1ee5c \u0110\u0103ng k\u00fd t\u1ea1i g\u1ecdi m\u00e0n h\u00ecnh:<\/span><\/p>\n<ul>\n<li><span style=\"color: #3366ff;\">\u0110i\u1ec1n \u0111\u1ea7y \u0111\u1ee7 th\u00f4ng tin c\u00e1 nh\u00e2n theo y\u00eau c\u1ea7u c\u1ee7a nh\u00e0 c\u00e1i<\/span><\/li>\n<li><span style=\"color: #3366ff;\">X\u00e1c nh\u1eadn th\u00f4ng tin, li\u00ean k\u1ebft t\u00e0i kho\u1ea3n ng\u00e2n h\u00e0ng<\/span><\/li>\n<li><span style=\"color: #3366ff;\">Ch\u1ecdn \u0110\u0103ng k\u00fd ngay l\u00e0 ho\u00e0n th\u00e0nh<\/span><\/li>\n<\/ul>\n\t\t<\/div>\n\t<\/div>\n\t\n\t<div id=\"accordion-2726972186\" class=\"accordion-item\">\n\t\t<a id=\"accordion-2726972186-label\" class=\"accordion-title plain\" href=\"#accordion-item-t\u1ea3i-app-2899-i.app-b\u1eb1ng-c\u00e1ch-n\u00e0o?\" aria-expanded=\"false\" aria-controls=\"accordion-2726972186-content\" >\n\t\t\t<button class=\"toggle\" aria-label=\"Chuy\u1ec3n \u0111\u1ed5i\"><i class=\"icon-angle-down\"><\/i><\/button>\n\t\t\t<span>T\u1ea3i App 2899 i.app b\u1eb1ng c\u00e1ch n\u00e0o?<\/span>\n\t\t<\/a>\n\t\t<div id=\"accordion-2726972186-content\" class=\"accordion-inner\" aria-labelledby=\"accordion-2726972186-label\" >\n\t\t\t\n<p><span style=\"color: #3366ff;\">Nh\u00e0 c\u00e1i 28bet cung c\u1ea5p \u1ee9ng d\u1ee5ng t\u1ea3i v\u1ec1 di \u0111\u1ed9ng th\u00f4ng qua 2 h\u1ec7 \u0111i\u1ec1u h\u00e0nh ch\u00ednh l\u00e0 iOs v\u00e0 Android. B\u1ea1n ch\u1ec9 c\u1ea7n ch\u1ecdn h\u1ec7 \u0111i\u1ec1u h\u00e0nh ph\u00f9 h\u1ee3p v\u1edbi thi\u1ebft b\u1ecb t\u1ea3i v\u1ec1 v\u00e0 c\u00e0i \u0111\u1eb7t theo h\u01b0\u1edbng d\u1eabn.<\/span><\/p>\n\t\t<\/div>\n\t<\/div>\n\t\n\t<div id=\"accordion-183998394\" class=\"accordion-item\">\n\t\t<a id=\"accordion-183998394-label\" class=\"accordion-title plain\" href=\"#accordion-item-tham-gia-ch\u01a1i-2899i-.casino-c\u00f3-an-to\u00e0n-kh\u00f4ng?\" aria-expanded=\"false\" aria-controls=\"accordion-183998394-content\" >\n\t\t\t<button class=\"toggle\" aria-label=\"Chuy\u1ec3n \u0111\u1ed5i\"><i class=\"icon-angle-down\"><\/i><\/button>\n\t\t\t<span>Tham gia ch\u01a1i 2899i .casino c\u00f3 an to\u00e0n kh\u00f4ng?<\/span>\n\t\t<\/a>\n\t\t<div id=\"accordion-183998394-content\" class=\"accordion-inner\" aria-labelledby=\"accordion-183998394-label\" >\n\t\t\t\n<p><span style=\"color: #3366ff;\">Ng\u01b0\u1eddi ch\u01a1i ho\u00e0n to\u00e0n an t\u00e2m khi ch\u01a1i tr\u00ean 28bet game trang s\u1eed d\u1ee5ng c\u00f4ng ngh\u1ec7 m\u00e3 h\u00f3a SSL-128bit b\u1ea3o v\u1ec7 th\u00f4ng tin t\u00e0i kho\u1ea3n, giao d\u1ecbch c\u1ee7a ng\u01b0\u1eddi ch\u01a1i tuy\u1ec7t \u0111\u1ed1i kh\u00f4ng \u0111\u1ec3 b\u1ecb hack b\u1edfi b\u00ean Th\u1ee9 3.<\/span><\/p>\n\t\t<\/div>\n\t<\/div>\n\t\n<p>&nbsp;<\/p>\n","protected":false},"excerpt":{"rendered":"<p>TRANG CH\u1ee6 \u0110\u0102NG NH\u1eacP NH\u00c0 C\u00c1I 28BET Link trang t\u1ed5ng v\u00e0o 2899i com ch\u00ednh th\u1ee9c c\u1eadp nh\u1eadt ng\u00e0y h\u00f4m nay m\u1edbi nh\u1ea5t: Disclaimer (Tuy\u00ean b\u1ed1 mi\u1ec5n tr\u1eeb): 2899i.net ch\u1ec9 cung c\u1ea5p th\u00f4ng tin mang t\u00ednh t\u1ed5ng h\u1ee3p v\u00e0 tham kh\u1ea3o d\u00e0nh cho ng\u01b0\u1eddi t\u1eeb \u0111\u1ee7 18 tu\u1ed5i tr\u1edf l\u00ean, kh\u00f4ng c\u01b0 tr\u00fa t\u1ea1i Vi\u1ec7t Nam&#8230;<\/p>\n","protected":false},"author":1,"featured_media":0,"parent":0,"menu_order":0,"comment_status":"closed","ping_status":"open","template":"page-right-sidebar.php","meta":{"footnotes":""},"class_list":["post-2","page","type-page","status-publish","hentry"],"_links":{"self":[{"href":"https:\/\/2899i.net\/index.php?rest_route=\/wp\/v2\/pages\/2","targetHints":{"allow":["GET"]}}],"collection":[{"href":"https:\/\/2899i.net\/index.php?rest_route=\/wp\/v2\/pages"}],"about":[{"href":"https:\/\/2899i.net\/index.php?rest_route=\/wp\/v2\/types\/page"}],"author":[{"embeddable":true,"href":"https:\/\/2899i.net\/index.php?rest_route=\/wp\/v2\/users\/1"}],"replies":[{"embeddable":true,"href":"https:\/\/2899i.net\/index.php?rest_route=%2Fwp%2Fv2%2Fcomments&post=2"}],"version-history":[{"count":54,"href":"https:\/\/2899i.net\/index.php?rest_route=\/wp\/v2\/pages\/2\/revisions"}],"predecessor-version":[{"id":632,"href":"https:\/\/2899i.net\/index.php?rest_route=\/wp\/v2\/pages\/2\/revisions\/632"}],"wp:attachment":[{"href":"https:\/\/2899i.net\/index.php?rest_route=%2Fwp%2Fv2%2Fmedia&parent=2"}],"curies":[{"name":"wp","href":"https:\/\/api.w.org\/{rel}","templated":true}]}}